{"id":268,"date":"2020-12-24T10:06:04","date_gmt":"2020-12-24T10:06:04","guid":{"rendered":"https:\/\/www.bettycrocker.lat\/mx\/?post_type=product&#038;p=268"},"modified":"2021-05-26T16:19:45","modified_gmt":"2021-05-26T16:19:45","slug":"mug-treats-cinnamon-roll-cake-mix-with-cream-cheese-icing","status":"publish","type":"product","link":"https:\/\/www.bettycrocker.lat\/mx\/product\/mug-treats-cinnamon-roll-cake-mix-with-cream-cheese-icing\/","title":{"rendered":"Mug Treats Cinnamon Roll Cake Mix with Cream Cheese Icing"},"content":{"rendered":"","protected":false},"excerpt":{"rendered":"","protected":false},"featured_media":79,"menu_order":0,"template":"","meta":{"_acf_changed":false},"product-category":[9],"class_list":["post-268","product","type-product","status-publish","has-post-thumbnail","hentry","product-category-variedades"],"acf":[],"yoast_head":"<!-- This site is optimized with the Yoast SEO plugin v27.3 - https:\/\/yoast.com\/product\/yoast-seo-wordpress\/ -->\n<title>Pastel de canela con glaseado sin hornear | Betty Crocker<\/title>\n<meta name=\"description\" content=\"Con nuestro pastel de canela podr\u00e1s disfrutar de pasteles horneados en microondas en tan solo un minuto de la manera m\u00e1s f\u00e1cil y sencilla.\" \/>\n<meta name=\"robots\" content=\"index, follow, max-snippet:-1, max-image-preview:large, max-video-preview:-1\" \/>\n<link rel=\"canonical\" href=\"https:\/\/www.bettycrocker.lat\/mx\/product\/mug-treats-cinnamon-roll-cake-mix-with-cream-cheese-icing\/\" \/>\n<meta property=\"og:locale\" content=\"es_MX\" \/>\n<meta property=\"og:type\" content=\"article\" \/>\n<meta property=\"og:title\" content=\"Pastel de canela con glaseado sin hornear | Betty Crocker\" \/>\n<meta property=\"og:description\" content=\"Con nuestro pastel de canela podr\u00e1s disfrutar de pasteles horneados en microondas en tan solo un minuto de la manera m\u00e1s f\u00e1cil y sencilla.\" \/>\n<meta property=\"og:url\" content=\"https:\/\/www.bettycrocker.lat\/mx\/product\/mug-treats-cinnamon-roll-cake-mix-with-cream-cheese-icing\/\" \/>\n<meta property=\"og:site_name\" content=\"Betty Crocker - Mexico\" \/>\n<meta property=\"article:publisher\" content=\"https:\/\/www.facebook.com\/bettycrocker\/?brand_redir=120824544599284\" \/>\n<meta property=\"article:modified_time\" content=\"2021-05-26T16:19:45+00:00\" \/>\n<meta property=\"og:image\" content=\"https:\/\/www.bettycrocker.lat\/mx\/wp-content\/uploads\/sites\/2\/2020\/12\/BCmexico-product-mug-treats-cinnamon-roll-cake-mix-with-cream-cheese-icing.png\" \/>\n\t<meta property=\"og:image:width\" content=\"460\" \/>\n\t<meta property=\"og:image:height\" content=\"460\" \/>\n\t<meta property=\"og:image:type\" content=\"image\/png\" \/>\n<meta name=\"twitter:card\" content=\"summary_large_image\" \/>\n<script type=\"application\/ld+json\" class=\"yoast-schema-graph\">{\"@context\":\"https:\\\/\\\/schema.org\",\"@graph\":[{\"@type\":\"WebPage\",\"@id\":\"https:\\\/\\\/www.bettycrocker.lat\\\/mx\\\/product\\\/mug-treats-cinnamon-roll-cake-mix-with-cream-cheese-icing\\\/\",\"url\":\"https:\\\/\\\/www.bettycrocker.lat\\\/mx\\\/product\\\/mug-treats-cinnamon-roll-cake-mix-with-cream-cheese-icing\\\/\",\"name\":\"Pastel de canela con glaseado sin hornear | Betty Crocker\",\"isPartOf\":{\"@id\":\"https:\\\/\\\/www.bettycrocker.lat\\\/mx\\\/#website\"},\"primaryImageOfPage\":{\"@id\":\"https:\\\/\\\/www.bettycrocker.lat\\\/mx\\\/product\\\/mug-treats-cinnamon-roll-cake-mix-with-cream-cheese-icing\\\/#primaryimage\"},\"image\":{\"@id\":\"https:\\\/\\\/www.bettycrocker.lat\\\/mx\\\/product\\\/mug-treats-cinnamon-roll-cake-mix-with-cream-cheese-icing\\\/#primaryimage\"},\"thumbnailUrl\":\"https:\\\/\\\/www.bettycrocker.lat\\\/mx\\\/wp-content\\\/uploads\\\/sites\\\/2\\\/2020\\\/12\\\/BCmexico-product-mug-treats-cinnamon-roll-cake-mix-with-cream-cheese-icing.png\",\"datePublished\":\"2020-12-24T10:06:04+00:00\",\"dateModified\":\"2021-05-26T16:19:45+00:00\",\"description\":\"Con nuestro pastel de canela podr\u00e1s disfrutar de pasteles horneados en microondas en tan solo un minuto de la manera m\u00e1s f\u00e1cil y sencilla.\",\"breadcrumb\":{\"@id\":\"https:\\\/\\\/www.bettycrocker.lat\\\/mx\\\/product\\\/mug-treats-cinnamon-roll-cake-mix-with-cream-cheese-icing\\\/#breadcrumb\"},\"inLanguage\":\"es\",\"potentialAction\":[{\"@type\":\"ReadAction\",\"target\":[\"https:\\\/\\\/www.bettycrocker.lat\\\/mx\\\/product\\\/mug-treats-cinnamon-roll-cake-mix-with-cream-cheese-icing\\\/\"]}]},{\"@type\":\"ImageObject\",\"inLanguage\":\"es\",\"@id\":\"https:\\\/\\\/www.bettycrocker.lat\\\/mx\\\/product\\\/mug-treats-cinnamon-roll-cake-mix-with-cream-cheese-icing\\\/#primaryimage\",\"url\":\"https:\\\/\\\/www.bettycrocker.lat\\\/mx\\\/wp-content\\\/uploads\\\/sites\\\/2\\\/2020\\\/12\\\/BCmexico-product-mug-treats-cinnamon-roll-cake-mix-with-cream-cheese-icing.png\",\"contentUrl\":\"https:\\\/\\\/www.bettycrocker.lat\\\/mx\\\/wp-content\\\/uploads\\\/sites\\\/2\\\/2020\\\/12\\\/BCmexico-product-mug-treats-cinnamon-roll-cake-mix-with-cream-cheese-icing.png\",\"width\":460,\"height\":460,\"caption\":\"Pastel de canela con glaseado de queso crema sin hornear\"},{\"@type\":\"BreadcrumbList\",\"@id\":\"https:\\\/\\\/www.bettycrocker.lat\\\/mx\\\/product\\\/mug-treats-cinnamon-roll-cake-mix-with-cream-cheese-icing\\\/#breadcrumb\",\"itemListElement\":[{\"@type\":\"ListItem\",\"position\":1,\"name\":\"Home\",\"item\":\"https:\\\/\\\/www.bettycrocker.lat\\\/mx\\\/\"},{\"@type\":\"ListItem\",\"position\":2,\"name\":\"Mug Treats Cinnamon Roll Cake Mix with Cream Cheese Icing\"}]},{\"@type\":\"WebSite\",\"@id\":\"https:\\\/\\\/www.bettycrocker.lat\\\/mx\\\/#website\",\"url\":\"https:\\\/\\\/www.bettycrocker.lat\\\/mx\\\/\",\"name\":\"Betty Crocker - Mexico\",\"description\":\"Betty Crocker Mexico\",\"publisher\":{\"@id\":\"https:\\\/\\\/www.bettycrocker.lat\\\/mx\\\/#organization\"},\"potentialAction\":[{\"@type\":\"SearchAction\",\"target\":{\"@type\":\"EntryPoint\",\"urlTemplate\":\"https:\\\/\\\/www.bettycrocker.lat\\\/mx\\\/?s={search_term_string}\"},\"query-input\":{\"@type\":\"PropertyValueSpecification\",\"valueRequired\":true,\"valueName\":\"search_term_string\"}}],\"inLanguage\":\"es\"},{\"@type\":\"Organization\",\"@id\":\"https:\\\/\\\/www.bettycrocker.lat\\\/mx\\\/#organization\",\"name\":\"Betty Crocker\",\"url\":\"https:\\\/\\\/www.bettycrocker.lat\\\/mx\\\/\",\"logo\":{\"@type\":\"ImageObject\",\"inLanguage\":\"es\",\"@id\":\"https:\\\/\\\/www.bettycrocker.lat\\\/mx\\\/#\\\/schema\\\/logo\\\/image\\\/\",\"url\":\"https:\\\/\\\/www.bettycrocker.lat\\\/mx\\\/wp-content\\\/uploads\\\/sites\\\/2\\\/2021\\\/02\\\/BettyCrockerLogo-red-footer.jpg\",\"contentUrl\":\"https:\\\/\\\/www.bettycrocker.lat\\\/mx\\\/wp-content\\\/uploads\\\/sites\\\/2\\\/2021\\\/02\\\/BettyCrockerLogo-red-footer.jpg\",\"width\":628,\"height\":131,\"caption\":\"Betty Crocker\"},\"image\":{\"@id\":\"https:\\\/\\\/www.bettycrocker.lat\\\/mx\\\/#\\\/schema\\\/logo\\\/image\\\/\"},\"sameAs\":[\"https:\\\/\\\/www.facebook.com\\\/bettycrocker\\\/?brand_redir=120824544599284\",\"https:\\\/\\\/www.instagram.com\\\/bettycrockerla\\\/\",\"https:\\\/\\\/www.youtube.com\\\/user\\\/BettyCrockerLatAm\"]}]}<\/script>\n<!-- \/ Yoast SEO plugin. -->","yoast_head_json":{"title":"Pastel de canela con glaseado sin hornear | Betty Crocker","description":"Con nuestro pastel de canela podr\u00e1s disfrutar de pasteles horneados en microondas en tan solo un minuto de la manera m\u00e1s f\u00e1cil y sencilla.","robots":{"index":"index","follow":"follow","max-snippet":"max-snippet:-1","max-image-preview":"max-image-preview:large","max-video-preview":"max-video-preview:-1"},"canonical":"https:\/\/www.bettycrocker.lat\/mx\/product\/mug-treats-cinnamon-roll-cake-mix-with-cream-cheese-icing\/","og_locale":"es_MX","og_type":"article","og_title":"Pastel de canela con glaseado sin hornear | Betty Crocker","og_description":"Con nuestro pastel de canela podr\u00e1s disfrutar de pasteles horneados en microondas en tan solo un minuto de la manera m\u00e1s f\u00e1cil y sencilla.","og_url":"https:\/\/www.bettycrocker.lat\/mx\/product\/mug-treats-cinnamon-roll-cake-mix-with-cream-cheese-icing\/","og_site_name":"Betty Crocker - Mexico","article_publisher":"https:\/\/www.facebook.com\/bettycrocker\/?brand_redir=120824544599284","article_modified_time":"2021-05-26T16:19:45+00:00","og_image":[{"width":460,"height":460,"url":"https:\/\/www.bettycrocker.lat\/mx\/wp-content\/uploads\/sites\/2\/2020\/12\/BCmexico-product-mug-treats-cinnamon-roll-cake-mix-with-cream-cheese-icing.png","type":"image\/png"}],"twitter_card":"summary_large_image","schema":{"@context":"https:\/\/schema.org","@graph":[{"@type":"WebPage","@id":"https:\/\/www.bettycrocker.lat\/mx\/product\/mug-treats-cinnamon-roll-cake-mix-with-cream-cheese-icing\/","url":"https:\/\/www.bettycrocker.lat\/mx\/product\/mug-treats-cinnamon-roll-cake-mix-with-cream-cheese-icing\/","name":"Pastel de canela con glaseado sin hornear | Betty Crocker","isPartOf":{"@id":"https:\/\/www.bettycrocker.lat\/mx\/#website"},"primaryImageOfPage":{"@id":"https:\/\/www.bettycrocker.lat\/mx\/product\/mug-treats-cinnamon-roll-cake-mix-with-cream-cheese-icing\/#primaryimage"},"image":{"@id":"https:\/\/www.bettycrocker.lat\/mx\/product\/mug-treats-cinnamon-roll-cake-mix-with-cream-cheese-icing\/#primaryimage"},"thumbnailUrl":"https:\/\/www.bettycrocker.lat\/mx\/wp-content\/uploads\/sites\/2\/2020\/12\/BCmexico-product-mug-treats-cinnamon-roll-cake-mix-with-cream-cheese-icing.png","datePublished":"2020-12-24T10:06:04+00:00","dateModified":"2021-05-26T16:19:45+00:00","description":"Con nuestro pastel de canela podr\u00e1s disfrutar de pasteles horneados en microondas en tan solo un minuto de la manera m\u00e1s f\u00e1cil y sencilla.","breadcrumb":{"@id":"https:\/\/www.bettycrocker.lat\/mx\/product\/mug-treats-cinnamon-roll-cake-mix-with-cream-cheese-icing\/#breadcrumb"},"inLanguage":"es","potentialAction":[{"@type":"ReadAction","target":["https:\/\/www.bettycrocker.lat\/mx\/product\/mug-treats-cinnamon-roll-cake-mix-with-cream-cheese-icing\/"]}]},{"@type":"ImageObject","inLanguage":"es","@id":"https:\/\/www.bettycrocker.lat\/mx\/product\/mug-treats-cinnamon-roll-cake-mix-with-cream-cheese-icing\/#primaryimage","url":"https:\/\/www.bettycrocker.lat\/mx\/wp-content\/uploads\/sites\/2\/2020\/12\/BCmexico-product-mug-treats-cinnamon-roll-cake-mix-with-cream-cheese-icing.png","contentUrl":"https:\/\/www.bettycrocker.lat\/mx\/wp-content\/uploads\/sites\/2\/2020\/12\/BCmexico-product-mug-treats-cinnamon-roll-cake-mix-with-cream-cheese-icing.png","width":460,"height":460,"caption":"Pastel de canela con glaseado de queso crema sin hornear"},{"@type":"BreadcrumbList","@id":"https:\/\/www.bettycrocker.lat\/mx\/product\/mug-treats-cinnamon-roll-cake-mix-with-cream-cheese-icing\/#breadcrumb","itemListElement":[{"@type":"ListItem","position":1,"name":"Home","item":"https:\/\/www.bettycrocker.lat\/mx\/"},{"@type":"ListItem","position":2,"name":"Mug Treats Cinnamon Roll Cake Mix with Cream Cheese Icing"}]},{"@type":"WebSite","@id":"https:\/\/www.bettycrocker.lat\/mx\/#website","url":"https:\/\/www.bettycrocker.lat\/mx\/","name":"Betty Crocker - Mexico","description":"Betty Crocker Mexico","publisher":{"@id":"https:\/\/www.bettycrocker.lat\/mx\/#organization"},"potentialAction":[{"@type":"SearchAction","target":{"@type":"EntryPoint","urlTemplate":"https:\/\/www.bettycrocker.lat\/mx\/?s={search_term_string}"},"query-input":{"@type":"PropertyValueSpecification","valueRequired":true,"valueName":"search_term_string"}}],"inLanguage":"es"},{"@type":"Organization","@id":"https:\/\/www.bettycrocker.lat\/mx\/#organization","name":"Betty Crocker","url":"https:\/\/www.bettycrocker.lat\/mx\/","logo":{"@type":"ImageObject","inLanguage":"es","@id":"https:\/\/www.bettycrocker.lat\/mx\/#\/schema\/logo\/image\/","url":"https:\/\/www.bettycrocker.lat\/mx\/wp-content\/uploads\/sites\/2\/2021\/02\/BettyCrockerLogo-red-footer.jpg","contentUrl":"https:\/\/www.bettycrocker.lat\/mx\/wp-content\/uploads\/sites\/2\/2021\/02\/BettyCrockerLogo-red-footer.jpg","width":628,"height":131,"caption":"Betty Crocker"},"image":{"@id":"https:\/\/www.bettycrocker.lat\/mx\/#\/schema\/logo\/image\/"},"sameAs":["https:\/\/www.facebook.com\/bettycrocker\/?brand_redir=120824544599284","https:\/\/www.instagram.com\/bettycrockerla\/","https:\/\/www.youtube.com\/user\/BettyCrockerLatAm"]}]}},"_links":{"self":[{"href":"https:\/\/www.bettycrocker.lat\/mx\/wp-json\/wp\/v2\/product\/268","targetHints":{"allow":["GET"]}}],"collection":[{"href":"https:\/\/www.bettycrocker.lat\/mx\/wp-json\/wp\/v2\/product"}],"about":[{"href":"https:\/\/www.bettycrocker.lat\/mx\/wp-json\/wp\/v2\/types\/product"}],"wp:featuredmedia":[{"embeddable":true,"href":"https:\/\/www.bettycrocker.lat\/mx\/wp-json\/wp\/v2\/media\/79"}],"wp:attachment":[{"href":"https:\/\/www.bettycrocker.lat\/mx\/wp-json\/wp\/v2\/media?parent=268"}],"wp:term":[{"taxonomy":"product-category","embeddable":true,"href":"https:\/\/www.bettycrocker.lat\/mx\/wp-json\/wp\/v2\/product-category?post=268"}],"curies":[{"name":"wp","href":"https:\/\/api.w.org\/{rel}","templated":true}]}}