{"id":264,"date":"2020-12-24T09:03:35","date_gmt":"2020-12-24T09:03:35","guid":{"rendered":"https:\/\/www.bettycrocker.lat\/mx\/?page_id=264"},"modified":"2021-09-23T13:03:29","modified_gmt":"2021-09-23T13:03:29","slug":"acerca-de-nosotros","status":"publish","type":"page","link":"https:\/\/www.bettycrocker.lat\/mx\/acerca-de-nosotros\/","title":{"rendered":"Acerca de nosotros"},"content":{"rendered":"","protected":false},"excerpt":{"rendered":"","protected":false},"author":5,"featured_media":0,"parent":0,"menu_order":0,"comment_status":"closed","ping_status":"closed","template":"template-about.php","meta":{"_acf_changed":false,"footnotes":""},"class_list":["post-264","page","type-page","status-publish","hentry"],"acf":[],"yoast_head":"<!-- This site is optimized with the Yoast SEO plugin v27.3 - https:\/\/yoast.com\/product\/yoast-seo-wordpress\/ -->\n<title>Nuestra historia | Sobre nosotros | Betty Crocker<\/title>\n<meta name=\"description\" content=\"Betty Croker ha unido generaciones a trav\u00e9s del placer de hornear durante m\u00e1s de 100 a\u00f1os. Aprende m\u00e1s sobre Betty Crocker y nuestra historia\" \/>\n<meta name=\"robots\" content=\"index, follow, max-snippet:-1, max-image-preview:large, max-video-preview:-1\" \/>\n<link rel=\"canonical\" href=\"https:\/\/www.bettycrocker.lat\/mx\/acerca-de-nosotros\/\" \/>\n<meta property=\"og:locale\" content=\"es_MX\" \/>\n<meta property=\"og:type\" content=\"article\" \/>\n<meta property=\"og:title\" content=\"Nuestra historia | Sobre nosotros | Betty Crocker\" \/>\n<meta property=\"og:description\" content=\"Betty Croker ha unido generaciones a trav\u00e9s del placer de hornear durante m\u00e1s de 100 a\u00f1os. Aprende m\u00e1s sobre Betty Crocker y nuestra historia\" \/>\n<meta property=\"og:url\" content=\"https:\/\/www.bettycrocker.lat\/mx\/acerca-de-nosotros\/\" \/>\n<meta property=\"og:site_name\" content=\"Betty Crocker - Mexico\" \/>\n<meta property=\"article:publisher\" content=\"https:\/\/www.facebook.com\/bettycrocker\/?brand_redir=120824544599284\" \/>\n<meta property=\"article:modified_time\" content=\"2021-09-23T13:03:29+00:00\" \/>\n<meta name=\"twitter:card\" content=\"summary_large_image\" \/>\n<script type=\"application\/ld+json\" class=\"yoast-schema-graph\">{\"@context\":\"https:\\\/\\\/schema.org\",\"@graph\":[{\"@type\":\"WebPage\",\"@id\":\"https:\\\/\\\/www.bettycrocker.lat\\\/mx\\\/acerca-de-nosotros\\\/\",\"url\":\"https:\\\/\\\/www.bettycrocker.lat\\\/mx\\\/acerca-de-nosotros\\\/\",\"name\":\"Nuestra historia | Sobre nosotros | Betty Crocker\",\"isPartOf\":{\"@id\":\"https:\\\/\\\/www.bettycrocker.lat\\\/mx\\\/#website\"},\"datePublished\":\"2020-12-24T09:03:35+00:00\",\"dateModified\":\"2021-09-23T13:03:29+00:00\",\"description\":\"Betty Croker ha unido generaciones a trav\u00e9s del placer de hornear durante m\u00e1s de 100 a\u00f1os. Aprende m\u00e1s sobre Betty Crocker y nuestra historia\",\"breadcrumb\":{\"@id\":\"https:\\\/\\\/www.bettycrocker.lat\\\/mx\\\/acerca-de-nosotros\\\/#breadcrumb\"},\"inLanguage\":\"es\",\"potentialAction\":[{\"@type\":\"ReadAction\",\"target\":[\"https:\\\/\\\/www.bettycrocker.lat\\\/mx\\\/acerca-de-nosotros\\\/\"]}]},{\"@type\":\"BreadcrumbList\",\"@id\":\"https:\\\/\\\/www.bettycrocker.lat\\\/mx\\\/acerca-de-nosotros\\\/#breadcrumb\",\"itemListElement\":[{\"@type\":\"ListItem\",\"position\":1,\"name\":\"Home\",\"item\":\"https:\\\/\\\/www.bettycrocker.lat\\\/mx\\\/\"},{\"@type\":\"ListItem\",\"position\":2,\"name\":\"Acerca de nosotros\"}]},{\"@type\":\"WebSite\",\"@id\":\"https:\\\/\\\/www.bettycrocker.lat\\\/mx\\\/#website\",\"url\":\"https:\\\/\\\/www.bettycrocker.lat\\\/mx\\\/\",\"name\":\"Betty Crocker - Mexico\",\"description\":\"Betty Crocker Mexico\",\"publisher\":{\"@id\":\"https:\\\/\\\/www.bettycrocker.lat\\\/mx\\\/#organization\"},\"potentialAction\":[{\"@type\":\"SearchAction\",\"target\":{\"@type\":\"EntryPoint\",\"urlTemplate\":\"https:\\\/\\\/www.bettycrocker.lat\\\/mx\\\/?s={search_term_string}\"},\"query-input\":{\"@type\":\"PropertyValueSpecification\",\"valueRequired\":true,\"valueName\":\"search_term_string\"}}],\"inLanguage\":\"es\"},{\"@type\":\"Organization\",\"@id\":\"https:\\\/\\\/www.bettycrocker.lat\\\/mx\\\/#organization\",\"name\":\"Betty Crocker\",\"url\":\"https:\\\/\\\/www.bettycrocker.lat\\\/mx\\\/\",\"logo\":{\"@type\":\"ImageObject\",\"inLanguage\":\"es\",\"@id\":\"https:\\\/\\\/www.bettycrocker.lat\\\/mx\\\/#\\\/schema\\\/logo\\\/image\\\/\",\"url\":\"https:\\\/\\\/www.bettycrocker.lat\\\/mx\\\/wp-content\\\/uploads\\\/sites\\\/2\\\/2021\\\/02\\\/BettyCrockerLogo-red-footer.jpg\",\"contentUrl\":\"https:\\\/\\\/www.bettycrocker.lat\\\/mx\\\/wp-content\\\/uploads\\\/sites\\\/2\\\/2021\\\/02\\\/BettyCrockerLogo-red-footer.jpg\",\"width\":628,\"height\":131,\"caption\":\"Betty Crocker\"},\"image\":{\"@id\":\"https:\\\/\\\/www.bettycrocker.lat\\\/mx\\\/#\\\/schema\\\/logo\\\/image\\\/\"},\"sameAs\":[\"https:\\\/\\\/www.facebook.com\\\/bettycrocker\\\/?brand_redir=120824544599284\",\"https:\\\/\\\/www.instagram.com\\\/bettycrockerla\\\/\",\"https:\\\/\\\/www.youtube.com\\\/user\\\/BettyCrockerLatAm\"]}]}<\/script>\n<!-- \/ Yoast SEO plugin. -->","yoast_head_json":{"title":"Nuestra historia | Sobre nosotros | Betty Crocker","description":"Betty Croker ha unido generaciones a trav\u00e9s del placer de hornear durante m\u00e1s de 100 a\u00f1os. Aprende m\u00e1s sobre Betty Crocker y nuestra historia","robots":{"index":"index","follow":"follow","max-snippet":"max-snippet:-1","max-image-preview":"max-image-preview:large","max-video-preview":"max-video-preview:-1"},"canonical":"https:\/\/www.bettycrocker.lat\/mx\/acerca-de-nosotros\/","og_locale":"es_MX","og_type":"article","og_title":"Nuestra historia | Sobre nosotros | Betty Crocker","og_description":"Betty Croker ha unido generaciones a trav\u00e9s del placer de hornear durante m\u00e1s de 100 a\u00f1os. Aprende m\u00e1s sobre Betty Crocker y nuestra historia","og_url":"https:\/\/www.bettycrocker.lat\/mx\/acerca-de-nosotros\/","og_site_name":"Betty Crocker - Mexico","article_publisher":"https:\/\/www.facebook.com\/bettycrocker\/?brand_redir=120824544599284","article_modified_time":"2021-09-23T13:03:29+00:00","twitter_card":"summary_large_image","schema":{"@context":"https:\/\/schema.org","@graph":[{"@type":"WebPage","@id":"https:\/\/www.bettycrocker.lat\/mx\/acerca-de-nosotros\/","url":"https:\/\/www.bettycrocker.lat\/mx\/acerca-de-nosotros\/","name":"Nuestra historia | Sobre nosotros | Betty Crocker","isPartOf":{"@id":"https:\/\/www.bettycrocker.lat\/mx\/#website"},"datePublished":"2020-12-24T09:03:35+00:00","dateModified":"2021-09-23T13:03:29+00:00","description":"Betty Croker ha unido generaciones a trav\u00e9s del placer de hornear durante m\u00e1s de 100 a\u00f1os. Aprende m\u00e1s sobre Betty Crocker y nuestra historia","breadcrumb":{"@id":"https:\/\/www.bettycrocker.lat\/mx\/acerca-de-nosotros\/#breadcrumb"},"inLanguage":"es","potentialAction":[{"@type":"ReadAction","target":["https:\/\/www.bettycrocker.lat\/mx\/acerca-de-nosotros\/"]}]},{"@type":"BreadcrumbList","@id":"https:\/\/www.bettycrocker.lat\/mx\/acerca-de-nosotros\/#breadcrumb","itemListElement":[{"@type":"ListItem","position":1,"name":"Home","item":"https:\/\/www.bettycrocker.lat\/mx\/"},{"@type":"ListItem","position":2,"name":"Acerca de nosotros"}]},{"@type":"WebSite","@id":"https:\/\/www.bettycrocker.lat\/mx\/#website","url":"https:\/\/www.bettycrocker.lat\/mx\/","name":"Betty Crocker - Mexico","description":"Betty Crocker Mexico","publisher":{"@id":"https:\/\/www.bettycrocker.lat\/mx\/#organization"},"potentialAction":[{"@type":"SearchAction","target":{"@type":"EntryPoint","urlTemplate":"https:\/\/www.bettycrocker.lat\/mx\/?s={search_term_string}"},"query-input":{"@type":"PropertyValueSpecification","valueRequired":true,"valueName":"search_term_string"}}],"inLanguage":"es"},{"@type":"Organization","@id":"https:\/\/www.bettycrocker.lat\/mx\/#organization","name":"Betty Crocker","url":"https:\/\/www.bettycrocker.lat\/mx\/","logo":{"@type":"ImageObject","inLanguage":"es","@id":"https:\/\/www.bettycrocker.lat\/mx\/#\/schema\/logo\/image\/","url":"https:\/\/www.bettycrocker.lat\/mx\/wp-content\/uploads\/sites\/2\/2021\/02\/BettyCrockerLogo-red-footer.jpg","contentUrl":"https:\/\/www.bettycrocker.lat\/mx\/wp-content\/uploads\/sites\/2\/2021\/02\/BettyCrockerLogo-red-footer.jpg","width":628,"height":131,"caption":"Betty Crocker"},"image":{"@id":"https:\/\/www.bettycrocker.lat\/mx\/#\/schema\/logo\/image\/"},"sameAs":["https:\/\/www.facebook.com\/bettycrocker\/?brand_redir=120824544599284","https:\/\/www.instagram.com\/bettycrockerla\/","https:\/\/www.youtube.com\/user\/BettyCrockerLatAm"]}]}},"_links":{"self":[{"href":"https:\/\/www.bettycrocker.lat\/mx\/wp-json\/wp\/v2\/pages\/264","targetHints":{"allow":["GET"]}}],"collection":[{"href":"https:\/\/www.bettycrocker.lat\/mx\/wp-json\/wp\/v2\/pages"}],"about":[{"href":"https:\/\/www.bettycrocker.lat\/mx\/wp-json\/wp\/v2\/types\/page"}],"author":[{"embeddable":true,"href":"https:\/\/www.bettycrocker.lat\/mx\/wp-json\/wp\/v2\/users\/5"}],"replies":[{"embeddable":true,"href":"https:\/\/www.bettycrocker.lat\/mx\/wp-json\/wp\/v2\/comments?post=264"}],"version-history":[{"count":0,"href":"https:\/\/www.bettycrocker.lat\/mx\/wp-json\/wp\/v2\/pages\/264\/revisions"}],"wp:attachment":[{"href":"https:\/\/www.bettycrocker.lat\/mx\/wp-json\/wp\/v2\/media?parent=264"}],"curies":[{"name":"wp","href":"https:\/\/api.w.org\/{rel}","templated":true}]}}